{"id":156,"date":"2026-03-20T19:45:16","date_gmt":"2026-03-20T19:45:16","guid":{"rendered":"https:\/\/annsjofjallen.se\/?page_id=156"},"modified":"2026-04-14T09:17:02","modified_gmt":"2026-04-14T09:17:02","slug":"handol","status":"publish","type":"page","link":"https:\/\/annsjofjallen.se\/?page_id=156","title":{"rendered":"Hand\u00f6l"},"content":{"rendered":"\n<p><br>Hand\u00f6l \u00e4r en liten men anm\u00e4rkningsv\u00e4rt rik fj\u00e4llby, formad av m\u00e4nniskor, vatten, sten och tid.<br>H\u00e4r m\u00f6ts storslagen fj\u00e4llnatur och tusen\u00e5riga ber\u00e4ttelser \u2013 fr\u00e5n sten\u00e5lderns j\u00e4gare och pilgrimer p\u00e5 v\u00e4g mot Nidaros, till samer, fj\u00e4llb\u00f6nder, karoliner och t\u00e4ljstensarbetare.<\/p>\n\n\n\n<p>P\u00e5 <strong>Karoliner- och T\u00e4ljstensmuseet<\/strong> kan du f\u00f6rdjupa dig i b\u00e5de industrins historia och byns roll i ett st\u00f6rre historiskt sammanhang.<\/p>\n\n\n\n<h6 class=\"wp-block-heading\">Bes\u00f6k sedan <strong>Hand\u00f6lsforsarna <\/strong>som med en total fallh\u00f6jd p\u00e5 110 meter och en str\u00e4cka p\u00e5 1,5 kilometer \u00e4r Sveriges l\u00e4ngsta sammanh\u00e4ngande forsar. En imponerande h\u00e4ngbro p\u00e5 136 meter str\u00e4cker sig \u00f6ver forsen och bjuder p\u00e5 storslagna vyer och ett l\u00e4tt pirr i magen.<\/h6>\n\n\n\n<p>I byn ligger ocks\u00e5 <a href=\"https:\/\/www.annsjon.org\/\" data-type=\"link\" data-id=\"https:\/\/www.annsjon.org\/\">\u00c5nnsj\u00f6ns <strong>F\u00e5gelstation <\/strong><\/a>som \u00e4r en central plats f\u00f6r ringm\u00e4rkning, forskning och naturintresse. <strong>\u00c5nnsj\u00f6n<\/strong> och dess omgivningar \u00e4r internationellt k\u00e4nda f\u00f6r sitt rika f\u00e5gelliv och lockar f\u00e5gelsk\u00e5dare fr\u00e5n hela v\u00e4rlden.<br><br>F\u00f6r den som vill vandra finns h\u00e4r ett v\u00e4lutvecklat n\u00e4t av stigar runt <strong>Hand\u00f6lsforsen<\/strong> och l\u00e4ngs <strong>Hand\u00f6lan<\/strong>, idealiskt f\u00f6r dagsturer i varierad terr\u00e4ng. I byn finns \u00e4ven ett <strong>elljussp\u00e5r<\/strong> som passar lika bra f\u00f6r l\u00f6pning som f\u00f6r l\u00e4ngdskid\u00e5kning vintertid.&nbsp;<\/p>\n\n\n\n<p>Fiskeentusiaster kan pr\u00f6va lyckan i <strong>\u00c5nnsj\u00f6n<\/strong>, <strong>Enan<\/strong> och <strong>Hand\u00f6lan<\/strong>, som erbjuder fiske av r\u00f6ding och \u00f6ring. Information om fiskevatten och fiskekort i omr\u00e5det hittar du enkelt p\u00e5 <a href=\"http:\/\/ifiske.se\">Ifiske.se<\/a><\/p>\n\n\n\n<p>F\u00f6r historieintresserade rekommenderas att stanna till vid <strong>Kapellet<\/strong>, delvis byggt i lokal t\u00e4ljsten. Det uppf\u00f6rdes av fj\u00e4llallmogen, samer och fj\u00e4llb\u00f6nder som en del av den tid d\u00e5 omr\u00e5det integrerades i det svenska riket \u2013 ett starkt symboliskt arv av samarbete och uth\u00e5llighet.<\/p>\n\n\n\n<p><strong><a href=\"https:\/\/www.snasen.se\/start\" data-type=\"link\" data-id=\"https:\/\/www.snasen.se\/start\">Snasah\u00f6garnas fritidsby <\/a><\/strong>ligger en bit in p\u00e5 Storulv\u00e5v\u00e4gen och \u00e4r ett fritidshusomr\u00e5de med ett hundratal stugor.<br>Hand\u00f6l och Snasah\u00f6garna \u00e4r en perfekt utg\u00e5ngspunkt f\u00f6r b\u00e5de korta utflykter och l\u00e4ngre \u00e4ventyr.<br>Med bil eller till fots kan du ta dig vidare mot Storulv\u00e5n och det klassiska vandringsomr\u00e5det <strong>J\u00e4mtlandstriangeln<\/strong>.<br><\/p>\n\n\n\n<div class=\"wp-block-columns is-layout-flex wp-container-core-columns-is-layout-6a9b9e29 wp-block-columns-is-layout-flex\" style=\"padding-top:0;padding-right:0\">\n<div class=\"wp-block-column is-layout-flow wp-block-column-is-layout-flow\" style=\"flex-basis:100%\">\n<figure class=\"wp-block-gallery has-nested-images columns-default is-cropped wp-block-gallery-1 is-layout-flex wp-block-gallery-is-layout-flex\">\n<figure class=\"wp-block-image size-large\"><img loading=\"lazy\" decoding=\"async\" width=\"1024\" height=\"683\" data-id=\"216\" src=\"https:\/\/annsjofjallen.se\/wp-content\/uploads\/2026\/03\/PSX_20240806_205528-1024x683.jpg\" alt=\"Foto: Karin Hellmark\" class=\"wp-image-216\" srcset=\"https:\/\/annsjofjallen.se\/wp-content\/uploads\/2026\/03\/PSX_20240806_205528-1024x683.jpg 1024w, https:\/\/annsjofjallen.se\/wp-content\/uploads\/2026\/03\/PSX_20240806_205528-300x200.jpg 300w, https:\/\/annsjofjallen.se\/wp-content\/uploads\/2026\/03\/PSX_20240806_205528-768x512.jpg 768w, https:\/\/annsjofjallen.se\/wp-content\/uploads\/2026\/03\/PSX_20240806_205528-1536x1024.jpg 1536w, https:\/\/annsjofjallen.se\/wp-content\/uploads\/2026\/03\/PSX_20240806_205528-2048x1365.jpg 2048w\" sizes=\"auto, (max-width: 1024px) 100vw, 1024px\" \/><\/figure>\n\n\n\n<figure class=\"wp-block-image size-large\"><img loading=\"lazy\" decoding=\"async\" width=\"1024\" height=\"683\" data-id=\"221\" src=\"https:\/\/annsjofjallen.se\/wp-content\/uploads\/2026\/03\/PSX_20231003_173107-1024x683.jpg\" alt=\"Foto: Karin Hellmark\" class=\"wp-image-221\" srcset=\"https:\/\/annsjofjallen.se\/wp-content\/uploads\/2026\/03\/PSX_20231003_173107-1024x683.jpg 1024w, https:\/\/annsjofjallen.se\/wp-content\/uploads\/2026\/03\/PSX_20231003_173107-300x200.jpg 300w, https:\/\/annsjofjallen.se\/wp-content\/uploads\/2026\/03\/PSX_20231003_173107-768x512.jpg 768w, https:\/\/annsjofjallen.se\/wp-content\/uploads\/2026\/03\/PSX_20231003_173107-1536x1024.jpg 1536w, https:\/\/annsjofjallen.se\/wp-content\/uploads\/2026\/03\/PSX_20231003_173107-2048x1365.jpg 2048w\" sizes=\"auto, (max-width: 1024px) 100vw, 1024px\" \/><\/figure>\n\n\n\n<figure class=\"wp-block-image size-large\"><img loading=\"lazy\" decoding=\"async\" width=\"1024\" height=\"683\" data-id=\"222\" src=\"https:\/\/annsjofjallen.se\/wp-content\/uploads\/2026\/03\/PSX_20231003_172145-1024x683.jpg\" alt=\"Foto: Karin Hellmark\" class=\"wp-image-222\" srcset=\"https:\/\/annsjofjallen.se\/wp-content\/uploads\/2026\/03\/PSX_20231003_172145-1024x683.jpg 1024w, https:\/\/annsjofjallen.se\/wp-content\/uploads\/2026\/03\/PSX_20231003_172145-300x200.jpg 300w, https:\/\/annsjofjallen.se\/wp-content\/uploads\/2026\/03\/PSX_20231003_172145-768x512.jpg 768w, https:\/\/annsjofjallen.se\/wp-content\/uploads\/2026\/03\/PSX_20231003_172145-1536x1024.jpg 1536w, https:\/\/annsjofjallen.se\/wp-content\/uploads\/2026\/03\/PSX_20231003_172145-2048x1365.jpg 2048w\" sizes=\"auto, (max-width: 1024px) 100vw, 1024px\" \/><\/figure>\n\n\n\n<figure class=\"wp-block-image size-large\"><img loading=\"lazy\" decoding=\"async\" width=\"1024\" height=\"683\" data-id=\"72\" src=\"https:\/\/annsjofjallen.se\/wp-content\/uploads\/2025\/01\/Skarmavbild-2019-08-09-kl.-15.34.57-1024x683.png\" alt=\"Foto Sofie Werner\" class=\"wp-image-72\" srcset=\"https:\/\/annsjofjallen.se\/wp-content\/uploads\/2025\/01\/Skarmavbild-2019-08-09-kl.-15.34.57-1024x683.png 1024w, https:\/\/annsjofjallen.se\/wp-content\/uploads\/2025\/01\/Skarmavbild-2019-08-09-kl.-15.34.57-300x200.png 300w, https:\/\/annsjofjallen.se\/wp-content\/uploads\/2025\/01\/Skarmavbild-2019-08-09-kl.-15.34.57-768x512.png 768w, https:\/\/annsjofjallen.se\/wp-content\/uploads\/2025\/01\/Skarmavbild-2019-08-09-kl.-15.34.57.png 1520w\" sizes=\"auto, (max-width: 1024px) 100vw, 1024px\" \/><\/figure>\n\n\n\n<figure class=\"wp-block-image size-large is-style-default\"><img loading=\"lazy\" decoding=\"async\" width=\"1024\" height=\"683\" data-id=\"218\" src=\"https:\/\/annsjofjallen.se\/wp-content\/uploads\/2026\/03\/KEH6253-1-1024x683.jpg\" alt=\"Foto: Karin Hellmark\" class=\"wp-image-218\" srcset=\"https:\/\/annsjofjallen.se\/wp-content\/uploads\/2026\/03\/KEH6253-1-1024x683.jpg 1024w, https:\/\/annsjofjallen.se\/wp-content\/uploads\/2026\/03\/KEH6253-1-300x200.jpg 300w, https:\/\/annsjofjallen.se\/wp-content\/uploads\/2026\/03\/KEH6253-1-768x512.jpg 768w, https:\/\/annsjofjallen.se\/wp-content\/uploads\/2026\/03\/KEH6253-1-1536x1024.jpg 1536w, https:\/\/annsjofjallen.se\/wp-content\/uploads\/2026\/03\/KEH6253-1-2048x1365.jpg 2048w\" sizes=\"auto, (max-width: 1024px) 100vw, 1024px\" \/><\/figure>\n\n\n\n<figure class=\"wp-block-image size-large\"><img loading=\"lazy\" decoding=\"async\" width=\"1024\" height=\"576\" data-id=\"217\" src=\"https:\/\/annsjofjallen.se\/wp-content\/uploads\/2026\/03\/20240515_154112-1024x576.jpg\" alt=\"Foto: Karin Hellmark\" class=\"wp-image-217\" srcset=\"https:\/\/annsjofjallen.se\/wp-content\/uploads\/2026\/03\/20240515_154112-1024x576.jpg 1024w, https:\/\/annsjofjallen.se\/wp-content\/uploads\/2026\/03\/20240515_154112-300x169.jpg 300w, https:\/\/annsjofjallen.se\/wp-content\/uploads\/2026\/03\/20240515_154112-768x432.jpg 768w, https:\/\/annsjofjallen.se\/wp-content\/uploads\/2026\/03\/20240515_154112-1536x864.jpg 1536w, https:\/\/annsjofjallen.se\/wp-content\/uploads\/2026\/03\/20240515_154112-2048x1153.jpg 2048w\" sizes=\"auto, (max-width: 1024px) 100vw, 1024px\" \/><\/figure>\n<\/figure>\n<\/div>\n<\/div>\n\n\n\n<hr class=\"wp-block-separator has-alpha-channel-opacity\"\/>\n","protected":false},"excerpt":{"rendered":"<p>Hand\u00f6l \u00e4r en liten men anm\u00e4rkningsv\u00e4rt rik fj\u00e4llby, formad av m\u00e4nniskor, vatten, sten och tid.H\u00e4r m\u00f6ts storslagen fj\u00e4llnatur och tusen\u00e5riga [&hellip;]<\/p>\n","protected":false},"author":1,"featured_media":0,"parent":0,"menu_order":0,"comment_status":"closed","ping_status":"closed","template":"","meta":{"site-sidebar-layout":"default","site-content-layout":"","ast-site-content-layout":"","site-content-style":"default","site-sidebar-style":"default","ast-global-header-display":"","ast-banner-title-visibility":"","ast-main-header-display":"","ast-hfb-above-header-display":"","ast-hfb-below-header-display":"","ast-hfb-mobile-header-display":"","site-post-title":"","ast-breadcrumbs-content":"","ast-featured-img":"","footer-sml-layout":"","theme-transparent-header-meta":"","adv-header-id-meta":"","stick-header-meta":"","header-above-stick-meta":"","header-main-stick-meta":"","header-below-stick-meta":"","astra-migrate-meta-layouts":"default","ast-page-background-enabled":"default","ast-page-background-meta":{"desktop":{"background-color":"var(--ast-global-color-5)","background-image":"","background-repeat":"repeat","background-position":"center center","background-size":"auto","background-attachment":"scroll","background-type":"","background-media":"","overlay-type":"","overlay-color":"","overlay-opacity":"","overlay-gradient":""},"tablet":{"background-color":"","background-image":"","background-repeat":"repeat","background-position":"center center","background-size":"auto","background-attachment":"scroll","background-type":"","background-media":"","overlay-type":"","overlay-color":"","overlay-opacity":"","overlay-gradient":""},"mobile":{"background-color":"","background-image":"","background-repeat":"repeat","background-position":"center center","background-size":"auto","background-attachment":"scroll","background-type":"","background-media":"","overlay-type":"","overlay-color":"","overlay-opacity":"","overlay-gradient":""}},"ast-content-background-meta":{"desktop":{"background-color":"var(--ast-global-color-4)","background-image":"","background-repeat":"repeat","background-position":"center center","background-size":"auto","background-attachment":"scroll","background-type":"","background-media":"","overlay-type":"","overlay-color":"","overlay-opacity":"","overlay-gradient":""},"tablet":{"background-color":"var(--ast-global-color-4)","background-image":"","background-repeat":"repeat","background-position":"center center","background-size":"auto","background-attachment":"scroll","background-type":"","background-media":"","overlay-type":"","overlay-color":"","overlay-opacity":"","overlay-gradient":""},"mobile":{"background-color":"var(--ast-global-color-4)","background-image":"","background-repeat":"repeat","background-position":"center center","background-size":"auto","background-attachment":"scroll","background-type":"","background-media":"","overlay-type":"","overlay-color":"","overlay-opacity":"","overlay-gradient":""}},"footnotes":""},"class_list":["post-156","page","type-page","status-publish","hentry"],"_links":{"self":[{"href":"https:\/\/annsjofjallen.se\/index.php?rest_route=\/wp\/v2\/pages\/156","targetHints":{"allow":["GET"]}}],"collection":[{"href":"https:\/\/annsjofjallen.se\/index.php?rest_route=\/wp\/v2\/pages"}],"about":[{"href":"https:\/\/annsjofjallen.se\/index.php?rest_route=\/wp\/v2\/types\/page"}],"author":[{"embeddable":true,"href":"https:\/\/annsjofjallen.se\/index.php?rest_route=\/wp\/v2\/users\/1"}],"replies":[{"embeddable":true,"href":"https:\/\/annsjofjallen.se\/index.php?rest_route=%2Fwp%2Fv2%2Fcomments&post=156"}],"version-history":[{"count":7,"href":"https:\/\/annsjofjallen.se\/index.php?rest_route=\/wp\/v2\/pages\/156\/revisions"}],"predecessor-version":[{"id":389,"href":"https:\/\/annsjofjallen.se\/index.php?rest_route=\/wp\/v2\/pages\/156\/revisions\/389"}],"wp:attachment":[{"href":"https:\/\/annsjofjallen.se\/index.php?rest_route=%2Fwp%2Fv2%2Fmedia&parent=156"}],"curies":[{"name":"wp","href":"https:\/\/api.w.org\/{rel}","templated":true}]}}