{"id":160,"date":"2026-03-20T19:45:33","date_gmt":"2026-03-20T19:45:33","guid":{"rendered":"https:\/\/annsjofjallen.se\/?page_id=160"},"modified":"2026-04-14T09:19:54","modified_gmt":"2026-04-14T09:19:54","slug":"ann","status":"publish","type":"page","link":"https:\/\/annsjofjallen.se\/?page_id=160","title":{"rendered":"\u00c5nn"},"content":{"rendered":"\n<h2 class=\"wp-block-heading\"><strong>\u00c5nn \u2013 d\u00e4r vyerna aldrig tar slut<\/strong><\/h2>\n\n\n\n<p><br>En plats d\u00e4r fj\u00e4llen, naturen och f\u00e5gellivet \u00e4r st\u00e4ndigt n\u00e4rvarande \u2013 och d\u00e4r \u00e5rstiderna s\u00e4tter sin tydliga pr\u00e4gel p\u00e5 landskapet. H\u00e4r \u00e4r det l\u00e4tt att f\u00f6rst\u00e5 varf\u00f6r man s\u00e4ger: <strong>\u201dh\u00e4r blir man aldrig hemmablind.\u201d<\/strong><\/p>\n\n\n\n<p>\u00c5nn \u00e4r l\u00e4tt att ta sig till. Byn har b\u00e5de j\u00e4rnv\u00e4gsstation och E14 som passerar rakt igenom. H\u00e4r bor en blandning av fastboende och stug\u00e4gare. M\u00e5nga av stug\u00e4garna kommer fr\u00e5n Norge och kallar sin stuga f\u00f6r <em>hytta<\/em> \u2013 n\u00e5got som s\u00e4tter en naturlig pr\u00e4gel p\u00e5 byns liv och gemenskap.<strong>Natur, f\u00e5gelliv och utflykter f\u00f6r alla<br><\/strong>\u00c5nnsj\u00f6n \u00e4r ofta den f\u00f6rsta sj\u00f6n i omr\u00e5det som fryser, ibland tidigt p\u00e5 s\u00e4songen. Har du tur ligger isen spegelblank, inramad av fj\u00e4llen \u2013 d\u00e5 \u00e4r det dags att sp\u00e4nna p\u00e5 sig l\u00e5ngf\u00e4rdsskridskorna, packa fika och ge sig ut. N\u00e4r vintern tagit ordentligt grepp om bygden lockar skoter\u00e5kning, med direkt anslutning till ett brett n\u00e4t av leder.<\/p>\n\n\n\n<p>F\u00f6r dig som hellre \u00e5ker skidor finns preparerade l\u00e4ngdsp\u00e5r b\u00e5de vid Elljussp\u00e5ret n\u00e4ra Camp \u00c5nn och vid \u00c5nn Wheels, d\u00e4r det ocks\u00e5 finns parkering.<br><br><a href=\"https:\/\/www.skidspar.se\/jamtland\/are\/ann-elljus-och-naturspar\" data-type=\"link\" data-id=\"https:\/\/www.skidspar.se\/jamtland\/are\/ann-elljus-och-naturspar\">\u00c5nnsj\u00f6ns sp\u00e5r och leder<\/a> \u00e4r en ideell f\u00f6rening som sk\u00f6ter just sp\u00e5r och leder i byn samt tar hand om och bygger nya rastplatser och vindskydd.<br>Information om skidsp\u00e5r <br>Sommartid, kan du f\u00f6lja F\u00e5gelstigen nedanf\u00f6r t\u00e5gstationen, d\u00e4r en vandringsled tar dig ner mot myrarna vid sj\u00f6n. L\u00e4ngs leden finns stigar, sp\u00e4nger, g\u00f6mslen och stora f\u00e5geltorn \u2013 en perfekt utflykt f\u00f6r b\u00e5de barn och vuxna. S\u00e5 packa kikaren, fikat och njut av stillheten och det rika f\u00e5gellivet.<br>Eller ta en promenad ner till \u00d6sterb\u00e5tstan, som platsen kallas lokalt. En inbjudande plats f\u00f6r bad, vila och lugna stunder med fj\u00e4llen som s\u00e4llskap. H\u00e4r finns tv\u00e5 fina bryggor, ett vindskydd med grillplats och en bastu som g\u00e5r att hyra via Vallans Samf\u00e4llighet som sk\u00f6ter omr\u00e5det kring \u00d6sterb\u00e5tstan. Kontaktperson f\u00f6r bastun \u00e4r Erik \u00c5seng\u00e5rd 070 339 81 96<br>H\u00e4r nere \u00e4r det dock inte till\u00e5tet att sl\u00e5 l\u00e4ger f\u00f6r natten, campingf\u00f6rbud r\u00e5der.\u00a0Mellan \u00f6stra bryggan och Landverk ligger K\u00e4ringn\u00e4set, h\u00e4r finns det historiska h\u00e4llristningar som \u00e4r s\u00e5 gamla som fr\u00e5n <a href=\"http:\/\/2000f.kr\">2000f<\/a>.<a href=\"http:\/\/2000f.kr\">Kr<\/a>. Perfekt utflykt att paddla kajak, kanot eller SUP till.<\/p>\n\n\n\n<p>Vintertid kan du ge dig ut p\u00e5 skotertur i det vidstr\u00e4ckta ledn\u00e4tet och stanna till f\u00f6r lunch eller middag p\u00e5 \u00c5nn Wheels.<br>Ta en skidtur och pausa med grillning vid n\u00e5got av omr\u00e5dets vindskydd eller kliv p\u00e5 elljussp\u00e5ret n\u00e4r m\u00f6rkret fallit.<br>F\u00f6r en lugnare stund \u2013 pimpla r\u00f6ding eller \u00f6ring p\u00e5 \u00c5nnsj\u00f6n.<br>Information om fiskevatten och fiskekort i omr\u00e5det hittar du enkelt p\u00e5 <a href=\"http:\/\/ifiske.se\">Ifiske.se<\/a><\/p>\n\n\n\n<p>V\u00e4lkommen att bes\u00f6ka <a href=\"https:\/\/annby.se\/\" data-type=\"link\" data-id=\"https:\/\/annby.se\/\">\u00c5nns egna hemsida<\/a><a href=\"https:\/\/annby.se\/\">!<\/a><\/p>\n\n\n\n<div class=\"wp-block-columns alignfull are-vertically-aligned-center is-layout-flex wp-container-core-columns-is-layout-6a9b9e29 wp-block-columns-is-layout-flex\" style=\"padding-top:0;padding-right:0\">\n<div class=\"wp-block-column is-vertically-aligned-center is-layout-flow wp-block-column-is-layout-flow\" style=\"flex-basis:100%\">\n<figure class=\"wp-block-gallery has-nested-images columns-default is-cropped wp-block-gallery-1 is-layout-flex wp-block-gallery-is-layout-flex\">\n<figure class=\"wp-block-image size-large\"><img loading=\"lazy\" decoding=\"async\" width=\"1024\" height=\"683\" data-id=\"224\" src=\"https:\/\/annsjofjallen.se\/wp-content\/uploads\/2026\/03\/KEH6814-1024x683.jpg\" alt=\"\" class=\"wp-image-224\" srcset=\"https:\/\/annsjofjallen.se\/wp-content\/uploads\/2026\/03\/KEH6814-1024x683.jpg 1024w, https:\/\/annsjofjallen.se\/wp-content\/uploads\/2026\/03\/KEH6814-300x200.jpg 300w, https:\/\/annsjofjallen.se\/wp-content\/uploads\/2026\/03\/KEH6814-768x512.jpg 768w, https:\/\/annsjofjallen.se\/wp-content\/uploads\/2026\/03\/KEH6814-1536x1024.jpg 1536w, https:\/\/annsjofjallen.se\/wp-content\/uploads\/2026\/03\/KEH6814-2048x1365.jpg 2048w\" sizes=\"auto, (max-width: 1024px) 100vw, 1024px\" \/><\/figure>\n\n\n\n<figure class=\"wp-block-image size-large\"><img loading=\"lazy\" decoding=\"async\" width=\"1024\" height=\"683\" data-id=\"208\" src=\"https:\/\/annsjofjallen.se\/wp-content\/uploads\/2026\/03\/PSX_20250518_160821-1024x683.jpg\" alt=\"Foto: Karin Hellmark\" class=\"wp-image-208\" srcset=\"https:\/\/annsjofjallen.se\/wp-content\/uploads\/2026\/03\/PSX_20250518_160821-1024x683.jpg 1024w, https:\/\/annsjofjallen.se\/wp-content\/uploads\/2026\/03\/PSX_20250518_160821-300x200.jpg 300w, https:\/\/annsjofjallen.se\/wp-content\/uploads\/2026\/03\/PSX_20250518_160821-768x512.jpg 768w, https:\/\/annsjofjallen.se\/wp-content\/uploads\/2026\/03\/PSX_20250518_160821-1536x1024.jpg 1536w, https:\/\/annsjofjallen.se\/wp-content\/uploads\/2026\/03\/PSX_20250518_160821-2048x1365.jpg 2048w\" sizes=\"auto, (max-width: 1024px) 100vw, 1024px\" \/><\/figure>\n\n\n\n<figure class=\"wp-block-image size-large\"><img loading=\"lazy\" decoding=\"async\" width=\"1024\" height=\"683\" data-id=\"95\" src=\"https:\/\/annsjofjallen.se\/wp-content\/uploads\/2026\/03\/OJLY8569-1024x683.jpg\" alt=\"\" class=\"wp-image-95\" srcset=\"https:\/\/annsjofjallen.se\/wp-content\/uploads\/2026\/03\/OJLY8569-1024x683.jpg 1024w, https:\/\/annsjofjallen.se\/wp-content\/uploads\/2026\/03\/OJLY8569-300x200.jpg 300w, https:\/\/annsjofjallen.se\/wp-content\/uploads\/2026\/03\/OJLY8569-768x512.jpg 768w, https:\/\/annsjofjallen.se\/wp-content\/uploads\/2026\/03\/OJLY8569-1536x1024.jpg 1536w, https:\/\/annsjofjallen.se\/wp-content\/uploads\/2026\/03\/OJLY8569-2048x1365.jpg 2048w\" sizes=\"auto, (max-width: 1024px) 100vw, 1024px\" \/><\/figure>\n\n\n\n<figure class=\"wp-block-image size-large\"><img loading=\"lazy\" decoding=\"async\" width=\"1024\" height=\"677\" data-id=\"32\" src=\"https:\/\/annsjofjallen.se\/wp-content\/uploads\/2025\/01\/Skarmavbild-2020-12-22-kl.-14.35.16-1024x677.png\" alt=\"\" class=\"wp-image-32\" srcset=\"https:\/\/annsjofjallen.se\/wp-content\/uploads\/2025\/01\/Skarmavbild-2020-12-22-kl.-14.35.16-1024x677.png 1024w, https:\/\/annsjofjallen.se\/wp-content\/uploads\/2025\/01\/Skarmavbild-2020-12-22-kl.-14.35.16-300x198.png 300w, https:\/\/annsjofjallen.se\/wp-content\/uploads\/2025\/01\/Skarmavbild-2020-12-22-kl.-14.35.16-768x507.png 768w, https:\/\/annsjofjallen.se\/wp-content\/uploads\/2025\/01\/Skarmavbild-2020-12-22-kl.-14.35.16.png 1462w\" sizes=\"auto, (max-width: 1024px) 100vw, 1024px\" \/><\/figure>\n\n\n\n<figure class=\"wp-block-image size-large is-style-default\"><img loading=\"lazy\" decoding=\"async\" width=\"1024\" height=\"670\" data-id=\"311\" src=\"https:\/\/annsjofjallen.se\/wp-content\/uploads\/2026\/03\/26-1024x670.jpg\" alt=\"\" class=\"wp-image-311\" srcset=\"https:\/\/annsjofjallen.se\/wp-content\/uploads\/2026\/03\/26-1024x670.jpg 1024w, https:\/\/annsjofjallen.se\/wp-content\/uploads\/2026\/03\/26-300x196.jpg 300w, https:\/\/annsjofjallen.se\/wp-content\/uploads\/2026\/03\/26-768x503.jpg 768w, https:\/\/annsjofjallen.se\/wp-content\/uploads\/2026\/03\/26-1536x1005.jpg 1536w, https:\/\/annsjofjallen.se\/wp-content\/uploads\/2026\/03\/26-2048x1340.jpg 2048w\" sizes=\"auto, (max-width: 1024px) 100vw, 1024px\" \/><\/figure>\n\n\n\n<figure class=\"wp-block-image size-large\"><img loading=\"lazy\" decoding=\"async\" width=\"1024\" height=\"679\" data-id=\"33\" src=\"https:\/\/annsjofjallen.se\/wp-content\/uploads\/2025\/01\/Skarmavbild-2020-12-22-kl.-14.46.01-1024x679.png\" alt=\"\" class=\"wp-image-33\" srcset=\"https:\/\/annsjofjallen.se\/wp-content\/uploads\/2025\/01\/Skarmavbild-2020-12-22-kl.-14.46.01-1024x679.png 1024w, https:\/\/annsjofjallen.se\/wp-content\/uploads\/2025\/01\/Skarmavbild-2020-12-22-kl.-14.46.01-300x199.png 300w, https:\/\/annsjofjallen.se\/wp-content\/uploads\/2025\/01\/Skarmavbild-2020-12-22-kl.-14.46.01-768x509.png 768w, https:\/\/annsjofjallen.se\/wp-content\/uploads\/2025\/01\/Skarmavbild-2020-12-22-kl.-14.46.01.png 1518w\" sizes=\"auto, (max-width: 1024px) 100vw, 1024px\" \/><\/figure>\n\n\n\n<figure class=\"wp-block-image size-full\"><img loading=\"lazy\" decoding=\"async\" width=\"2560\" height=\"1706\" data-id=\"211\" src=\"https:\/\/annsjofjallen.se\/wp-content\/uploads\/2026\/03\/PSX_20240907_212943-scaled.jpg\" alt=\"Foto: Karin Hellmark\" class=\"wp-image-211\" srcset=\"https:\/\/annsjofjallen.se\/wp-content\/uploads\/2026\/03\/PSX_20240907_212943-scaled.jpg 2560w, https:\/\/annsjofjallen.se\/wp-content\/uploads\/2026\/03\/PSX_20240907_212943-300x200.jpg 300w, https:\/\/annsjofjallen.se\/wp-content\/uploads\/2026\/03\/PSX_20240907_212943-1024x683.jpg 1024w, https:\/\/annsjofjallen.se\/wp-content\/uploads\/2026\/03\/PSX_20240907_212943-768x512.jpg 768w, https:\/\/annsjofjallen.se\/wp-content\/uploads\/2026\/03\/PSX_20240907_212943-1536x1024.jpg 1536w, https:\/\/annsjofjallen.se\/wp-content\/uploads\/2026\/03\/PSX_20240907_212943-2048x1365.jpg 2048w\" sizes=\"auto, (max-width: 2560px) 100vw, 2560px\" \/><\/figure>\n\n\n\n<figure class=\"wp-block-image size-large\"><img loading=\"lazy\" decoding=\"async\" width=\"1024\" height=\"684\" data-id=\"26\" src=\"https:\/\/annsjofjallen.se\/wp-content\/uploads\/2025\/01\/Lake-Annsjon-1024x684.jpg\" alt=\"\" class=\"wp-image-26\" srcset=\"https:\/\/annsjofjallen.se\/wp-content\/uploads\/2025\/01\/Lake-Annsjon-1024x684.jpg 1024w, https:\/\/annsjofjallen.se\/wp-content\/uploads\/2025\/01\/Lake-Annsjon-300x200.jpg 300w, https:\/\/annsjofjallen.se\/wp-content\/uploads\/2025\/01\/Lake-Annsjon-768x513.jpg 768w, https:\/\/annsjofjallen.se\/wp-content\/uploads\/2025\/01\/Lake-Annsjon.jpg 1518w\" sizes=\"auto, (max-width: 1024px) 100vw, 1024px\" \/><\/figure>\n<\/figure>\n<\/div>\n<\/div>\n","protected":false},"excerpt":{"rendered":"<p>\u00c5nn \u2013 d\u00e4r vyerna aldrig tar slut En plats d\u00e4r fj\u00e4llen, naturen och f\u00e5gellivet \u00e4r st\u00e4ndigt n\u00e4rvarande \u2013 och d\u00e4r [&hellip;]<\/p>\n","protected":false},"author":1,"featured_media":0,"parent":0,"menu_order":0,"comment_status":"closed","ping_status":"closed","template":"","meta":{"site-sidebar-layout":"default","site-content-layout":"","ast-site-content-layout":"","site-content-style":"default","site-sidebar-style":"default","ast-global-header-display":"","ast-banner-title-visibility":"","ast-main-header-display":"","ast-hfb-above-header-display":"","ast-hfb-below-header-display":"","ast-hfb-mobile-header-display":"","site-post-title":"","ast-breadcrumbs-content":"","ast-featured-img":"","footer-sml-layout":"","theme-transparent-header-meta":"","adv-header-id-meta":"","stick-header-meta":"","header-above-stick-meta":"","header-main-stick-meta":"","header-below-stick-meta":"","astra-migrate-meta-layouts":"default","ast-page-background-enabled":"default","ast-page-background-meta":{"desktop":{"background-color":"var(--ast-global-color-5)","background-image":"","background-repeat":"repeat","background-position":"center center","background-size":"auto","background-attachment":"scroll","background-type":"","background-media":"","overlay-type":"","overlay-color":"","overlay-opacity":"","overlay-gradient":""},"tablet":{"background-color":"","background-image":"","background-repeat":"repeat","background-position":"center center","background-size":"auto","background-attachment":"scroll","background-type":"","background-media":"","overlay-type":"","overlay-color":"","overlay-opacity":"","overlay-gradient":""},"mobile":{"background-color":"","background-image":"","background-repeat":"repeat","background-position":"center center","background-size":"auto","background-attachment":"scroll","background-type":"","background-media":"","overlay-type":"","overlay-color":"","overlay-opacity":"","overlay-gradient":""}},"ast-content-background-meta":{"desktop":{"background-color":"var(--ast-global-color-4)","background-image":"","background-repeat":"repeat","background-position":"center center","background-size":"auto","background-attachment":"scroll","background-type":"","background-media":"","overlay-type":"","overlay-color":"","overlay-opacity":"","overlay-gradient":""},"tablet":{"background-color":"var(--ast-global-color-4)","background-image":"","background-repeat":"repeat","background-position":"center center","background-size":"auto","background-attachment":"scroll","background-type":"","background-media":"","overlay-type":"","overlay-color":"","overlay-opacity":"","overlay-gradient":""},"mobile":{"background-color":"var(--ast-global-color-4)","background-image":"","background-repeat":"repeat","background-position":"center center","background-size":"auto","background-attachment":"scroll","background-type":"","background-media":"","overlay-type":"","overlay-color":"","overlay-opacity":"","overlay-gradient":""}},"footnotes":""},"class_list":["post-160","page","type-page","status-publish","hentry"],"_links":{"self":[{"href":"https:\/\/annsjofjallen.se\/index.php?rest_route=\/wp\/v2\/pages\/160","targetHints":{"allow":["GET"]}}],"collection":[{"href":"https:\/\/annsjofjallen.se\/index.php?rest_route=\/wp\/v2\/pages"}],"about":[{"href":"https:\/\/annsjofjallen.se\/index.php?rest_route=\/wp\/v2\/types\/page"}],"author":[{"embeddable":true,"href":"https:\/\/annsjofjallen.se\/index.php?rest_route=\/wp\/v2\/users\/1"}],"replies":[{"embeddable":true,"href":"https:\/\/annsjofjallen.se\/index.php?rest_route=%2Fwp%2Fv2%2Fcomments&post=160"}],"version-history":[{"count":7,"href":"https:\/\/annsjofjallen.se\/index.php?rest_route=\/wp\/v2\/pages\/160\/revisions"}],"predecessor-version":[{"id":391,"href":"https:\/\/annsjofjallen.se\/index.php?rest_route=\/wp\/v2\/pages\/160\/revisions\/391"}],"wp:attachment":[{"href":"https:\/\/annsjofjallen.se\/index.php?rest_route=%2Fwp%2Fv2%2Fmedia&parent=160"}],"curies":[{"name":"wp","href":"https:\/\/api.w.org\/{rel}","templated":true}]}}