{"id":162,"date":"2026-03-20T19:45:43","date_gmt":"2026-03-20T19:45:43","guid":{"rendered":"https:\/\/annsjofjallen.se\/?page_id=162"},"modified":"2026-04-14T09:21:16","modified_gmt":"2026-04-14T09:21:16","slug":"storulvan","status":"publish","type":"page","link":"https:\/\/annsjofjallen.se\/?page_id=162","title":{"rendered":"Storulv\u00e5n"},"content":{"rendered":"\n<h2 class=\"wp-block-heading\"><strong>Storulv\u00e5n &#8211; <\/strong><strong>V\u00e4lkommen till v\u00e4gs \u00e4nde \u2013 d\u00e4r \u00e4ventyret tar vid.<\/strong><\/h2>\n\n\n\n<p><a href=\"https:\/\/www.svenskaturistforeningen.se\/boende\/stf-storulvan-fjallstation\/\" data-type=\"link\" data-id=\"https:\/\/www.svenskaturistforeningen.se\/boende\/stf-storulvan-fjallstation\/\">Storulv\u00e5ns fj\u00e4llstation<\/a> ligger vid v\u00e4gs \u00e4nde, cirka 12 km fr\u00e5n Hand\u00f6l, som \u00e4r n\u00e4rmaste by. Fj\u00e4llstationen drivs av Svenska Turistf\u00f6reningen och \u00e4r \u00f6ppen under b\u00e5de sommar- och vinters\u00e4song. Det \u00e4r ett uppskattat resm\u00e5l f\u00f6r s\u00e5v\u00e4l lokalbor som l\u00e5ngv\u00e4ga g\u00e4ster.<\/p>\n\n\n\n<p>Vintertid \u00e4r det framf\u00f6r allt toppturer p\u00e5 de n\u00e4rliggande fj\u00e4lltopparna som lockar, liksom att ta turskidor eller skateskidor till fj\u00e4llstationerna vid Sylarna och Bl\u00e5hammaren. En klassiker \u00e4r den v\u00e4lk\u00e4nda J\u00e4mtlandstriangeln, som inneb\u00e4r att man tar sig fr\u00e5n Storulv\u00e5n till Sylarna, vidare till Bl\u00e5hammaren och sedan tillbaka till Storulv\u00e5n.<\/p>\n\n\n\n<p>Under sommaren fylls fj\u00e4llet av vandrare, l\u00f6pare och cyklister. Popul\u00e4ra turer g\u00e5r \u00e4ven d\u00e5 till Sylarna och Bl\u00e5hammaren, eller s\u00e5 v\u00e4ljer man att g\u00f6ra hela triangeln.<\/p>\n\n\n\n<p>Oavsett om du planerar en dagsutflykt eller en l\u00e4ngre vistelse finns h\u00e4r allt du beh\u00f6ver. Du kan bo bekv\u00e4mt i eget rum, \u00e4ta gott i restaurangen och koppla av i bastun efter en dag utomhus. P\u00e5 fj\u00e4llstationen finns \u00e4ven m\u00f6jlighet att hyra utrustning f\u00f6r olika aktiviteter, delta i guidade turer, samt tillg\u00e5ng till hinderbana och lekrum f\u00f6r barn. Dessutom finns en liten butik inne p\u00e5 stationen med det mesta du kan beh\u00f6va.<br><\/p>\n\n\n\n<div class=\"wp-block-columns is-layout-flex wp-container-core-columns-is-layout-6a9b9e29 wp-block-columns-is-layout-flex\" style=\"padding-top:0;padding-right:0\">\n<div class=\"wp-block-column is-layout-flow wp-block-column-is-layout-flow\" style=\"flex-basis:100%\">\n<figure class=\"wp-block-gallery has-nested-images columns-default is-cropped wp-block-gallery-1 is-layout-flex wp-block-gallery-is-layout-flex\">\n<figure class=\"wp-block-image size-large\"><img loading=\"lazy\" decoding=\"async\" width=\"1024\" height=\"683\" data-id=\"326\" src=\"https:\/\/annsjofjallen.se\/wp-content\/uploads\/2026\/03\/KEH5926-1024x683.jpg\" alt=\"\" class=\"wp-image-326\" srcset=\"https:\/\/annsjofjallen.se\/wp-content\/uploads\/2026\/03\/KEH5926-1024x683.jpg 1024w, https:\/\/annsjofjallen.se\/wp-content\/uploads\/2026\/03\/KEH5926-300x200.jpg 300w, https:\/\/annsjofjallen.se\/wp-content\/uploads\/2026\/03\/KEH5926-768x512.jpg 768w, https:\/\/annsjofjallen.se\/wp-content\/uploads\/2026\/03\/KEH5926-1536x1024.jpg 1536w, https:\/\/annsjofjallen.se\/wp-content\/uploads\/2026\/03\/KEH5926-2048x1365.jpg 2048w\" sizes=\"auto, (max-width: 1024px) 100vw, 1024px\" \/><\/figure>\n\n\n\n<figure class=\"wp-block-image size-large\"><img loading=\"lazy\" decoding=\"async\" width=\"1024\" height=\"662\" data-id=\"314\" src=\"https:\/\/annsjofjallen.se\/wp-content\/uploads\/2026\/03\/Wild-mountains-1024x662.jpg\" alt=\"\" class=\"wp-image-314\" srcset=\"https:\/\/annsjofjallen.se\/wp-content\/uploads\/2026\/03\/Wild-mountains-1024x662.jpg 1024w, https:\/\/annsjofjallen.se\/wp-content\/uploads\/2026\/03\/Wild-mountains-300x194.jpg 300w, https:\/\/annsjofjallen.se\/wp-content\/uploads\/2026\/03\/Wild-mountains-768x497.jpg 768w, https:\/\/annsjofjallen.se\/wp-content\/uploads\/2026\/03\/Wild-mountains-1536x993.jpg 1536w, https:\/\/annsjofjallen.se\/wp-content\/uploads\/2026\/03\/Wild-mountains-2048x1325.jpg 2048w\" sizes=\"auto, (max-width: 1024px) 100vw, 1024px\" \/><\/figure>\n\n\n\n<figure class=\"wp-block-image size-full\"><img loading=\"lazy\" decoding=\"async\" width=\"750\" height=\"911\" data-id=\"318\" src=\"https:\/\/annsjofjallen.se\/wp-content\/uploads\/2026\/03\/IMG_5927.jpg\" alt=\"\" class=\"wp-image-318\" srcset=\"https:\/\/annsjofjallen.se\/wp-content\/uploads\/2026\/03\/IMG_5927.jpg 750w, https:\/\/annsjofjallen.se\/wp-content\/uploads\/2026\/03\/IMG_5927-247x300.jpg 247w\" sizes=\"auto, (max-width: 750px) 100vw, 750px\" \/><\/figure>\n<\/figure>\n<\/div>\n<\/div>\n\n\n\n<hr class=\"wp-block-separator has-alpha-channel-opacity\"\/>\n","protected":false},"excerpt":{"rendered":"<p>Storulv\u00e5n &#8211; V\u00e4lkommen till v\u00e4gs \u00e4nde \u2013 d\u00e4r \u00e4ventyret tar vid. Storulv\u00e5ns fj\u00e4llstation ligger vid v\u00e4gs \u00e4nde, cirka 12 km [&hellip;]<\/p>\n","protected":false},"author":1,"featured_media":0,"parent":0,"menu_order":0,"comment_status":"closed","ping_status":"closed","template":"","meta":{"site-sidebar-layout":"default","site-content-layout":"","ast-site-content-layout":"","site-content-style":"default","site-sidebar-style":"default","ast-global-header-display":"","ast-banner-title-visibility":"","ast-main-header-display":"","ast-hfb-above-header-display":"","ast-hfb-below-header-display":"","ast-hfb-mobile-header-display":"","site-post-title":"","ast-breadcrumbs-content":"","ast-featured-img":"","footer-sml-layout":"","theme-transparent-header-meta":"","adv-header-id-meta":"","stick-header-meta":"","header-above-stick-meta":"","header-main-stick-meta":"","header-below-stick-meta":"","astra-migrate-meta-layouts":"default","ast-page-background-enabled":"default","ast-page-background-meta":{"desktop":{"background-color":"var(--ast-global-color-5)","background-image":"","background-repeat":"repeat","background-position":"center center","background-size":"auto","background-attachment":"scroll","background-type":"","background-media":"","overlay-type":"","overlay-color":"","overlay-opacity":"","overlay-gradient":""},"tablet":{"background-color":"","background-image":"","background-repeat":"repeat","background-position":"center center","background-size":"auto","background-attachment":"scroll","background-type":"","background-media":"","overlay-type":"","overlay-color":"","overlay-opacity":"","overlay-gradient":""},"mobile":{"background-color":"","background-image":"","background-repeat":"repeat","background-position":"center center","background-size":"auto","background-attachment":"scroll","background-type":"","background-media":"","overlay-type":"","overlay-color":"","overlay-opacity":"","overlay-gradient":""}},"ast-content-background-meta":{"desktop":{"background-color":"var(--ast-global-color-4)","background-image":"","background-repeat":"repeat","background-position":"center center","background-size":"auto","background-attachment":"scroll","background-type":"","background-media":"","overlay-type":"","overlay-color":"","overlay-opacity":"","overlay-gradient":""},"tablet":{"background-color":"var(--ast-global-color-4)","background-image":"","background-repeat":"repeat","background-position":"center center","background-size":"auto","background-attachment":"scroll","background-type":"","background-media":"","overlay-type":"","overlay-color":"","overlay-opacity":"","overlay-gradient":""},"mobile":{"background-color":"var(--ast-global-color-4)","background-image":"","background-repeat":"repeat","background-position":"center center","background-size":"auto","background-attachment":"scroll","background-type":"","background-media":"","overlay-type":"","overlay-color":"","overlay-opacity":"","overlay-gradient":""}},"footnotes":""},"class_list":["post-162","page","type-page","status-publish","hentry"],"_links":{"self":[{"href":"https:\/\/annsjofjallen.se\/index.php?rest_route=\/wp\/v2\/pages\/162","targetHints":{"allow":["GET"]}}],"collection":[{"href":"https:\/\/annsjofjallen.se\/index.php?rest_route=\/wp\/v2\/pages"}],"about":[{"href":"https:\/\/annsjofjallen.se\/index.php?rest_route=\/wp\/v2\/types\/page"}],"author":[{"embeddable":true,"href":"https:\/\/annsjofjallen.se\/index.php?rest_route=\/wp\/v2\/users\/1"}],"replies":[{"embeddable":true,"href":"https:\/\/annsjofjallen.se\/index.php?rest_route=%2Fwp%2Fv2%2Fcomments&post=162"}],"version-history":[{"count":6,"href":"https:\/\/annsjofjallen.se\/index.php?rest_route=\/wp\/v2\/pages\/162\/revisions"}],"predecessor-version":[{"id":394,"href":"https:\/\/annsjofjallen.se\/index.php?rest_route=\/wp\/v2\/pages\/162\/revisions\/394"}],"wp:attachment":[{"href":"https:\/\/annsjofjallen.se\/index.php?rest_route=%2Fwp%2Fv2%2Fmedia&parent=162"}],"curies":[{"name":"wp","href":"https:\/\/api.w.org\/{rel}","templated":true}]}}