{"id":242,"date":"2026-03-29T19:09:26","date_gmt":"2026-03-29T19:09:26","guid":{"rendered":"https:\/\/annsjofjallen.se\/?page_id=242"},"modified":"2026-04-14T09:24:49","modified_gmt":"2026-04-14T09:24:49","slug":"foretag","status":"publish","type":"page","link":"https:\/\/annsjofjallen.se\/?page_id=242","title":{"rendered":"F\u00f6retag -Under uppbyggnad"},"content":{"rendered":"\n<p>Beh\u00f6ver du hj\u00e4lp med n\u00e5got? V\u00e5ra medlemmar \u00e4r f\u00f6retagare och proffs p\u00e5 vad de g\u00f6r. H\u00e4r hittar du alla som kan hj\u00e4lpa dig!<\/p>\n\n\n\n<figure class=\"wp-block-gallery has-nested-images columns-default is-cropped wp-block-gallery-1 is-layout-flex wp-block-gallery-is-layout-flex\">\n<figure class=\"wp-block-image size-large\"><img loading=\"lazy\" decoding=\"async\" width=\"1024\" height=\"645\" data-id=\"396\" src=\"https:\/\/annsjofjallen.se\/wp-content\/uploads\/2026\/04\/Skarmavbild-2026-04-14-kl.-11.24.16-1024x645.png\" alt=\"\" class=\"wp-image-396\" srcset=\"https:\/\/annsjofjallen.se\/wp-content\/uploads\/2026\/04\/Skarmavbild-2026-04-14-kl.-11.24.16-1024x645.png 1024w, https:\/\/annsjofjallen.se\/wp-content\/uploads\/2026\/04\/Skarmavbild-2026-04-14-kl.-11.24.16-300x189.png 300w, https:\/\/annsjofjallen.se\/wp-content\/uploads\/2026\/04\/Skarmavbild-2026-04-14-kl.-11.24.16-768x484.png 768w, https:\/\/annsjofjallen.se\/wp-content\/uploads\/2026\/04\/Skarmavbild-2026-04-14-kl.-11.24.16.png 1260w\" sizes=\"auto, (max-width: 1024px) 100vw, 1024px\" \/><\/figure>\n\n\n\n<figure class=\"wp-block-image size-full\"><a href=\"https:\/\/wallins-akeri.se\/\"><img loading=\"lazy\" decoding=\"async\" width=\"960\" height=\"640\" data-id=\"245\" src=\"https:\/\/annsjofjallen.se\/wp-content\/uploads\/2026\/03\/Wallins-1.jpg\" alt=\"\" class=\"wp-image-245\" srcset=\"https:\/\/annsjofjallen.se\/wp-content\/uploads\/2026\/03\/Wallins-1.jpg 960w, https:\/\/annsjofjallen.se\/wp-content\/uploads\/2026\/03\/Wallins-1-300x200.jpg 300w, https:\/\/annsjofjallen.se\/wp-content\/uploads\/2026\/03\/Wallins-1-768x512.jpg 768w\" sizes=\"auto, (max-width: 960px) 100vw, 960px\" \/><\/a><\/figure>\n\n\n\n<figure class=\"wp-block-image size-full\"><a href=\"https:\/\/www.sundpro.se\/\"><img loading=\"lazy\" decoding=\"async\" width=\"595\" height=\"327\" data-id=\"246\" src=\"https:\/\/annsjofjallen.se\/wp-content\/uploads\/2026\/03\/1920-2.jpeg\" alt=\"\" class=\"wp-image-246\" srcset=\"https:\/\/annsjofjallen.se\/wp-content\/uploads\/2026\/03\/1920-2.jpeg 595w, https:\/\/annsjofjallen.se\/wp-content\/uploads\/2026\/03\/1920-2-300x165.jpeg 300w\" sizes=\"auto, (max-width: 595px) 100vw, 595px\" \/><\/a><\/figure>\n<\/figure>\n\n\n\n<p>F\u00f6retagsregister<\/p>\n\n\n\n<p>Restauranger<\/p>\n\n\n\n<p>Boenden<br><\/p>\n\n\n\n<p>Anl\u00e4gg\/Bygg<\/p>\n\n\n\n<p><\/p>\n\n\n\n<p><\/p>\n\n\n\n<p>Presentation av Medlemsf\u00f6retag<\/p>\n","protected":false},"excerpt":{"rendered":"<p>Beh\u00f6ver du hj\u00e4lp med n\u00e5got? V\u00e5ra medlemmar \u00e4r f\u00f6retagare och proffs p\u00e5 vad de g\u00f6r. H\u00e4r hittar du alla som [&hellip;]<\/p>\n","protected":false},"author":1,"featured_media":0,"parent":0,"menu_order":0,"comment_status":"closed","ping_status":"closed","template":"","meta":{"site-sidebar-layout":"default","site-content-layout":"","ast-site-content-layout":"","site-content-style":"default","site-sidebar-style":"default","ast-global-header-display":"","ast-banner-title-visibility":"","ast-main-header-display":"","ast-hfb-above-header-display":"","ast-hfb-below-header-display":"","ast-hfb-mobile-header-display":"","site-post-title":"","ast-breadcrumbs-content":"","ast-featured-img":"","footer-sml-layout":"","theme-transparent-header-meta":"","adv-header-id-meta":"","stick-header-meta":"","header-above-stick-meta":"","header-main-stick-meta":"","header-below-stick-meta":"","astra-migrate-meta-layouts":"default","ast-page-background-enabled":"default","ast-page-background-meta":{"desktop":{"background-color":"var(--ast-global-color-5)","background-image":"","background-repeat":"repeat","background-position":"center center","background-size":"auto","background-attachment":"scroll","background-type":"","background-media":"","overlay-type":"","overlay-color":"","overlay-opacity":"","overlay-gradient":""},"tablet":{"background-color":"","background-image":"","background-repeat":"repeat","background-position":"center center","background-size":"auto","background-attachment":"scroll","background-type":"","background-media":"","overlay-type":"","overlay-color":"","overlay-opacity":"","overlay-gradient":""},"mobile":{"background-color":"","background-image":"","background-repeat":"repeat","background-position":"center center","background-size":"auto","background-attachment":"scroll","background-type":"","background-media":"","overlay-type":"","overlay-color":"","overlay-opacity":"","overlay-gradient":""}},"ast-content-background-meta":{"desktop":{"background-color":"var(--ast-global-color-4)","background-image":"","background-repeat":"repeat","background-position":"center center","background-size":"auto","background-attachment":"scroll","background-type":"","background-media":"","overlay-type":"","overlay-color":"","overlay-opacity":"","overlay-gradient":""},"tablet":{"background-color":"var(--ast-global-color-4)","background-image":"","background-repeat":"repeat","background-position":"center center","background-size":"auto","background-attachment":"scroll","background-type":"","background-media":"","overlay-type":"","overlay-color":"","overlay-opacity":"","overlay-gradient":""},"mobile":{"background-color":"var(--ast-global-color-4)","background-image":"","background-repeat":"repeat","background-position":"center center","background-size":"auto","background-attachment":"scroll","background-type":"","background-media":"","overlay-type":"","overlay-color":"","overlay-opacity":"","overlay-gradient":""}},"footnotes":""},"class_list":["post-242","page","type-page","status-publish","hentry"],"_links":{"self":[{"href":"https:\/\/annsjofjallen.se\/index.php?rest_route=\/wp\/v2\/pages\/242","targetHints":{"allow":["GET"]}}],"collection":[{"href":"https:\/\/annsjofjallen.se\/index.php?rest_route=\/wp\/v2\/pages"}],"about":[{"href":"https:\/\/annsjofjallen.se\/index.php?rest_route=\/wp\/v2\/types\/page"}],"author":[{"embeddable":true,"href":"https:\/\/annsjofjallen.se\/index.php?rest_route=\/wp\/v2\/users\/1"}],"replies":[{"embeddable":true,"href":"https:\/\/annsjofjallen.se\/index.php?rest_route=%2Fwp%2Fv2%2Fcomments&post=242"}],"version-history":[{"count":7,"href":"https:\/\/annsjofjallen.se\/index.php?rest_route=\/wp\/v2\/pages\/242\/revisions"}],"predecessor-version":[{"id":398,"href":"https:\/\/annsjofjallen.se\/index.php?rest_route=\/wp\/v2\/pages\/242\/revisions\/398"}],"wp:attachment":[{"href":"https:\/\/annsjofjallen.se\/index.php?rest_route=%2Fwp%2Fv2%2Fmedia&parent=242"}],"curies":[{"name":"wp","href":"https:\/\/api.w.org\/{rel}","templated":true}]}}