{"id":305,"date":"2026-03-29T18:28:45","date_gmt":"2026-03-29T18:28:45","guid":{"rendered":"https:\/\/annsjofjallen.se\/?page_id=305"},"modified":"2026-04-14T09:26:14","modified_gmt":"2026-04-14T09:26:14","slug":"hitta-ditt-aventyr-har","status":"publish","type":"page","link":"https:\/\/annsjofjallen.se\/?page_id=305","title":{"rendered":"Att g\u00f6ra\/Uppt\u00e4ck i naturen. Under uppbyggnad"},"content":{"rendered":"\n<h2 class=\"wp-block-heading\"><strong>\u00c5nn<\/strong><\/h2>\n\n\n\n<div class=\"wp-block-columns alignfull is-layout-flex wp-container-core-columns-is-layout-a5331a9e wp-block-columns-is-layout-flex\" style=\"padding-top:0;padding-right:0;padding-bottom:0;padding-left:0\">\n<div class=\"wp-block-column is-layout-flow wp-block-column-is-layout-flow\">\n<figure class=\"wp-block-image size-full is-resized\"><img loading=\"lazy\" decoding=\"async\" width=\"2048\" height=\"1536\" src=\"https:\/\/annsjofjallen.se\/wp-content\/uploads\/2026\/04\/646216284_10162348341415636_4976252406513802658_n.jpg\" alt=\"\" class=\"wp-image-378\" style=\"width:344px;height:auto\" srcset=\"https:\/\/annsjofjallen.se\/wp-content\/uploads\/2026\/04\/646216284_10162348341415636_4976252406513802658_n.jpg 2048w, https:\/\/annsjofjallen.se\/wp-content\/uploads\/2026\/04\/646216284_10162348341415636_4976252406513802658_n-300x225.jpg 300w, https:\/\/annsjofjallen.se\/wp-content\/uploads\/2026\/04\/646216284_10162348341415636_4976252406513802658_n-1024x768.jpg 1024w, https:\/\/annsjofjallen.se\/wp-content\/uploads\/2026\/04\/646216284_10162348341415636_4976252406513802658_n-768x576.jpg 768w, https:\/\/annsjofjallen.se\/wp-content\/uploads\/2026\/04\/646216284_10162348341415636_4976252406513802658_n-1536x1152.jpg 1536w\" sizes=\"auto, (max-width: 2048px) 100vw, 2048px\" \/><\/figure>\n<\/div>\n\n\n\n<div class=\"wp-block-column is-layout-flow wp-block-column-is-layout-flow\">\n<figure class=\"wp-block-image size-large\" style=\"margin-top:0;margin-bottom:0\"><img loading=\"lazy\" decoding=\"async\" width=\"1024\" height=\"683\" src=\"https:\/\/annsjofjallen.se\/wp-content\/uploads\/2026\/03\/KEH6133-1024x683.jpg\" alt=\"\" class=\"wp-image-226\" srcset=\"https:\/\/annsjofjallen.se\/wp-content\/uploads\/2026\/03\/KEH6133-1024x683.jpg 1024w, https:\/\/annsjofjallen.se\/wp-content\/uploads\/2026\/03\/KEH6133-300x200.jpg 300w, https:\/\/annsjofjallen.se\/wp-content\/uploads\/2026\/03\/KEH6133-768x512.jpg 768w, https:\/\/annsjofjallen.se\/wp-content\/uploads\/2026\/03\/KEH6133-1536x1024.jpg 1536w, https:\/\/annsjofjallen.se\/wp-content\/uploads\/2026\/03\/KEH6133-2048x1365.jpg 2048w\" sizes=\"auto, (max-width: 1024px) 100vw, 1024px\" \/><\/figure>\n<\/div>\n\n\n\n<div class=\"wp-block-column is-layout-flow wp-block-column-is-layout-flow\">\n<figure class=\"wp-block-image size-large\" style=\"margin-top:0px;margin-right:0px;margin-bottom:0px;margin-left:0px\"><img loading=\"lazy\" decoding=\"async\" width=\"1024\" height=\"683\" src=\"https:\/\/annsjofjallen.se\/wp-content\/uploads\/2026\/04\/rodvingetrast_7023-1024x683.jpg\" alt=\"Foto: Thomas Holmberg \u00c5nnsj\u00f6ns F\u00e5gelstation\" class=\"wp-image-374\" srcset=\"https:\/\/annsjofjallen.se\/wp-content\/uploads\/2026\/04\/rodvingetrast_7023-1024x683.jpg 1024w, https:\/\/annsjofjallen.se\/wp-content\/uploads\/2026\/04\/rodvingetrast_7023-300x200.jpg 300w, https:\/\/annsjofjallen.se\/wp-content\/uploads\/2026\/04\/rodvingetrast_7023-768x512.jpg 768w, https:\/\/annsjofjallen.se\/wp-content\/uploads\/2026\/04\/rodvingetrast_7023-1536x1024.jpg 1536w, https:\/\/annsjofjallen.se\/wp-content\/uploads\/2026\/04\/rodvingetrast_7023-2048x1365.jpg 2048w\" sizes=\"auto, (max-width: 1024px) 100vw, 1024px\" \/><\/figure>\n<\/div>\n<\/div>\n\n\n\n<p>F\u00e5geltornen, Skidsp\u00e5r, L\u00e5ngf\u00e4rdsskridskor, Fiska\/pimpla, Skoterleder, Bastun<\/p>\n\n\n\n<h2 class=\"wp-block-heading\"><strong>Klocka<\/strong><\/h2>\n\n\n\n<div class=\"wp-block-columns alignfull is-layout-flex wp-container-core-columns-is-layout-204ee43c wp-block-columns-is-layout-flex\" style=\"padding-top:0px;padding-right:0px;padding-bottom:0px;padding-left:0px\">\n<div class=\"wp-block-column is-layout-flow wp-block-column-is-layout-flow\">\n<figure class=\"wp-block-image alignfull size-large\" style=\"margin-top:0;margin-right:0;margin-bottom:0;margin-left:0\"><img loading=\"lazy\" decoding=\"async\" width=\"1024\" height=\"683\" src=\"https:\/\/annsjofjallen.se\/wp-content\/uploads\/2026\/04\/1-rock-web-3-1024x683.jpg\" alt=\"\" class=\"wp-image-365\" srcset=\"https:\/\/annsjofjallen.se\/wp-content\/uploads\/2026\/04\/1-rock-web-3-1024x683.jpg 1024w, https:\/\/annsjofjallen.se\/wp-content\/uploads\/2026\/04\/1-rock-web-3-300x200.jpg 300w, https:\/\/annsjofjallen.se\/wp-content\/uploads\/2026\/04\/1-rock-web-3-768x512.jpg 768w, https:\/\/annsjofjallen.se\/wp-content\/uploads\/2026\/04\/1-rock-web-3-1536x1024.jpg 1536w, https:\/\/annsjofjallen.se\/wp-content\/uploads\/2026\/04\/1-rock-web-3-2048x1365.jpg 2048w\" sizes=\"auto, (max-width: 1024px) 100vw, 1024px\" \/><\/figure>\n<\/div>\n\n\n\n<div class=\"wp-block-column is-layout-flow wp-block-column-is-layout-flow\">\n<figure class=\"wp-block-image size-large is-resized\"><img loading=\"lazy\" decoding=\"async\" width=\"1024\" height=\"768\" src=\"https:\/\/annsjofjallen.se\/wp-content\/uploads\/2026\/04\/IMG_8737-1024x768.jpg\" alt=\"\" class=\"wp-image-379\" style=\"aspect-ratio:1.3333117219917012;width:348px;height:auto\" srcset=\"https:\/\/annsjofjallen.se\/wp-content\/uploads\/2026\/04\/IMG_8737-1024x768.jpg 1024w, https:\/\/annsjofjallen.se\/wp-content\/uploads\/2026\/04\/IMG_8737-300x225.jpg 300w, https:\/\/annsjofjallen.se\/wp-content\/uploads\/2026\/04\/IMG_8737-768x576.jpg 768w, https:\/\/annsjofjallen.se\/wp-content\/uploads\/2026\/04\/IMG_8737-1536x1152.jpg 1536w, https:\/\/annsjofjallen.se\/wp-content\/uploads\/2026\/04\/IMG_8737-2048x1536.jpg 2048w\" sizes=\"auto, (max-width: 1024px) 100vw, 1024px\" \/><\/figure>\n<\/div>\n\n\n\n<div class=\"wp-block-column is-layout-flow wp-block-column-is-layout-flow\">\n<figure class=\"wp-block-image size-large\"><img loading=\"lazy\" decoding=\"async\" width=\"1024\" height=\"683\" src=\"https:\/\/annsjofjallen.se\/wp-content\/uploads\/2026\/04\/55-1024x683.jpg\" alt=\"\" class=\"wp-image-367\" srcset=\"https:\/\/annsjofjallen.se\/wp-content\/uploads\/2026\/04\/55-1024x683.jpg 1024w, https:\/\/annsjofjallen.se\/wp-content\/uploads\/2026\/04\/55-300x200.jpg 300w, https:\/\/annsjofjallen.se\/wp-content\/uploads\/2026\/04\/55-768x512.jpg 768w, https:\/\/annsjofjallen.se\/wp-content\/uploads\/2026\/04\/55-1536x1024.jpg 1536w, https:\/\/annsjofjallen.se\/wp-content\/uploads\/2026\/04\/55-2048x1366.jpg 2048w\" sizes=\"auto, (max-width: 1024px) 100vw, 1024px\" \/><\/figure>\n<\/div>\n<\/div>\n\n\n\n<p>Fiska\/pimpla, Paddla<br><\/p>\n\n\n\n<h2 class=\"wp-block-heading\"><strong>Enafors<\/strong><\/h2>\n\n\n\n<div class=\"wp-block-columns is-layout-flex wp-container-core-columns-is-layout-0da2132f wp-block-columns-is-layout-flex\" style=\"padding-top:0px;padding-right:0;padding-bottom:0px;padding-left:0\">\n<div class=\"wp-block-column is-layout-flow wp-block-column-is-layout-flow\">\n<figure class=\"wp-block-image size-large\"><img loading=\"lazy\" decoding=\"async\" width=\"1024\" height=\"683\" src=\"https:\/\/annsjofjallen.se\/wp-content\/uploads\/2025\/01\/15-1024x683.jpg\" alt=\"\" class=\"wp-image-30\" srcset=\"https:\/\/annsjofjallen.se\/wp-content\/uploads\/2025\/01\/15-1024x683.jpg 1024w, https:\/\/annsjofjallen.se\/wp-content\/uploads\/2025\/01\/15-300x200.jpg 300w, https:\/\/annsjofjallen.se\/wp-content\/uploads\/2025\/01\/15-768x512.jpg 768w, https:\/\/annsjofjallen.se\/wp-content\/uploads\/2025\/01\/15-1536x1024.jpg 1536w, https:\/\/annsjofjallen.se\/wp-content\/uploads\/2025\/01\/15-2048x1365.jpg 2048w\" sizes=\"auto, (max-width: 1024px) 100vw, 1024px\" \/><\/figure>\n<\/div>\n\n\n\n<div class=\"wp-block-column is-layout-flow wp-block-column-is-layout-flow\">\n<figure class=\"wp-block-image size-large\"><img loading=\"lazy\" decoding=\"async\" width=\"1024\" height=\"683\" src=\"https:\/\/annsjofjallen.se\/wp-content\/uploads\/2026\/03\/KEH4999_resized_1-1024x683.jpg\" alt=\"Foto: Karin Hellmark\" class=\"wp-image-196\" srcset=\"https:\/\/annsjofjallen.se\/wp-content\/uploads\/2026\/03\/KEH4999_resized_1-1024x683.jpg 1024w, https:\/\/annsjofjallen.se\/wp-content\/uploads\/2026\/03\/KEH4999_resized_1-300x200.jpg 300w, https:\/\/annsjofjallen.se\/wp-content\/uploads\/2026\/03\/KEH4999_resized_1-768x512.jpg 768w, https:\/\/annsjofjallen.se\/wp-content\/uploads\/2026\/03\/KEH4999_resized_1-1536x1024.jpg 1536w, https:\/\/annsjofjallen.se\/wp-content\/uploads\/2026\/03\/KEH4999_resized_1-2048x1365.jpg 2048w\" sizes=\"auto, (max-width: 1024px) 100vw, 1024px\" \/><figcaption class=\"wp-element-caption\">Fiske i Enan<\/figcaption><\/figure>\n<\/div>\n\n\n\n<div class=\"wp-block-column is-layout-flow wp-block-column-is-layout-flow\">\n<figure class=\"wp-block-image size-large\"><img loading=\"lazy\" decoding=\"async\" width=\"1024\" height=\"683\" src=\"https:\/\/annsjofjallen.se\/wp-content\/uploads\/2026\/04\/grand-hotel-1024x683.jpg\" alt=\"\" class=\"wp-image-381\" srcset=\"https:\/\/annsjofjallen.se\/wp-content\/uploads\/2026\/04\/grand-hotel-1024x683.jpg 1024w, https:\/\/annsjofjallen.se\/wp-content\/uploads\/2026\/04\/grand-hotel-300x200.jpg 300w, https:\/\/annsjofjallen.se\/wp-content\/uploads\/2026\/04\/grand-hotel-768x512.jpg 768w, https:\/\/annsjofjallen.se\/wp-content\/uploads\/2026\/04\/grand-hotel-1536x1024.jpg 1536w, https:\/\/annsjofjallen.se\/wp-content\/uploads\/2026\/04\/grand-hotel-2048x1365.jpg 2048w\" sizes=\"auto, (max-width: 1024px) 100vw, 1024px\" \/><\/figure>\n<\/div>\n<\/div>\n\n\n\n<p>Vandra eller skida till Grand Hotel, Fiska i Enan, Hyra kajaker och kanot p\u00e5 Enaforsholm, Vandra holmen runt<\/p>\n\n\n\n<h2 class=\"wp-block-heading\"><strong>Hand\u00f6l<\/strong><\/h2>\n\n\n\n<div class=\"wp-block-columns is-layout-flex wp-container-core-columns-is-layout-74e2db4f wp-block-columns-is-layout-flex\" style=\"padding-top:0px;padding-right:0px;padding-bottom:0px;padding-left:0px\">\n<div class=\"wp-block-column is-layout-flow wp-block-column-is-layout-flow\">\n<figure class=\"wp-block-image size-large\"><img loading=\"lazy\" decoding=\"async\" width=\"1024\" height=\"576\" src=\"https:\/\/annsjofjallen.se\/wp-content\/uploads\/2026\/03\/20240515_154112-1024x576.jpg\" alt=\"Foto: Karin Hellmark\" class=\"wp-image-217\" srcset=\"https:\/\/annsjofjallen.se\/wp-content\/uploads\/2026\/03\/20240515_154112-1024x576.jpg 1024w, https:\/\/annsjofjallen.se\/wp-content\/uploads\/2026\/03\/20240515_154112-300x169.jpg 300w, https:\/\/annsjofjallen.se\/wp-content\/uploads\/2026\/03\/20240515_154112-768x432.jpg 768w, https:\/\/annsjofjallen.se\/wp-content\/uploads\/2026\/03\/20240515_154112-1536x864.jpg 1536w, https:\/\/annsjofjallen.se\/wp-content\/uploads\/2026\/03\/20240515_154112-2048x1153.jpg 2048w\" sizes=\"auto, (max-width: 1024px) 100vw, 1024px\" \/><\/figure>\n<\/div>\n\n\n\n<div class=\"wp-block-column is-layout-flow wp-block-column-is-layout-flow\">\n<figure class=\"wp-block-image size-large is-resized\"><img loading=\"lazy\" decoding=\"async\" width=\"1024\" height=\"768\" src=\"https:\/\/annsjofjallen.se\/wp-content\/uploads\/2026\/03\/PHOTO-2024-01-25-23-24-24-1024x768.jpg\" alt=\"\" class=\"wp-image-96\" style=\"aspect-ratio:1.3333117219917012;width:293px;height:auto\" srcset=\"https:\/\/annsjofjallen.se\/wp-content\/uploads\/2026\/03\/PHOTO-2024-01-25-23-24-24-1024x768.jpg 1024w, https:\/\/annsjofjallen.se\/wp-content\/uploads\/2026\/03\/PHOTO-2024-01-25-23-24-24-300x225.jpg 300w, https:\/\/annsjofjallen.se\/wp-content\/uploads\/2026\/03\/PHOTO-2024-01-25-23-24-24-768x576.jpg 768w, https:\/\/annsjofjallen.se\/wp-content\/uploads\/2026\/03\/PHOTO-2024-01-25-23-24-24-1536x1152.jpg 1536w, https:\/\/annsjofjallen.se\/wp-content\/uploads\/2026\/03\/PHOTO-2024-01-25-23-24-24.jpg 2048w\" sizes=\"auto, (max-width: 1024px) 100vw, 1024px\" \/><\/figure>\n<\/div>\n\n\n\n<div class=\"wp-block-column is-layout-flow wp-block-column-is-layout-flow\">\n<figure class=\"wp-block-image size-large is-resized\"><img loading=\"lazy\" decoding=\"async\" width=\"1024\" height=\"683\" src=\"https:\/\/annsjofjallen.se\/wp-content\/uploads\/2026\/04\/Handol02-1024x683.jpg\" alt=\"\" class=\"wp-image-369\" style=\"aspect-ratio:1.4993358290061587;width:325px;height:auto\" srcset=\"https:\/\/annsjofjallen.se\/wp-content\/uploads\/2026\/04\/Handol02-1024x683.jpg 1024w, https:\/\/annsjofjallen.se\/wp-content\/uploads\/2026\/04\/Handol02-300x200.jpg 300w, https:\/\/annsjofjallen.se\/wp-content\/uploads\/2026\/04\/Handol02-768x512.jpg 768w, https:\/\/annsjofjallen.se\/wp-content\/uploads\/2026\/04\/Handol02-1536x1024.jpg 1536w, https:\/\/annsjofjallen.se\/wp-content\/uploads\/2026\/04\/Handol02-2048x1365.jpg 2048w\" sizes=\"auto, (max-width: 1024px) 100vw, 1024px\" \/><\/figure>\n<\/div>\n<\/div>\n\n\n\n<p>Vandra l\u00e4ngs Hand\u00f6lsforsen och \u00f6ver h\u00e4ngbron, Spana p\u00e5 f\u00e5gel vid <a href=\"https:\/\/www.annsjon.org\/\">\u00c5nnsj\u00f6ns F\u00e5gelstation<\/a>, Fiska\u00a0I Hand\u00f6lan, Enan eller p\u00e5 \u00c5nnsj\u00f6n. <a href=\"http:\/\/ifiske.se\" data-type=\"link\" data-id=\"ifiske.se\">K\u00f6p fiskekort p\u00e5 ifiske.se<\/a><br>Bes\u00f6k Karolinergraven eller Kapellet<\/p>\n\n\n\n<h2 class=\"wp-block-heading\"><strong>Storulv\u00e5n<\/strong><\/h2>\n\n\n\n<div class=\"wp-block-columns is-layout-flex wp-container-core-columns-is-layout-ec2e7a44 wp-block-columns-is-layout-flex\" style=\"padding-top:0;padding-bottom:0\">\n<div class=\"wp-block-column is-layout-flow wp-block-column-is-layout-flow\">\n<figure class=\"wp-block-image size-large\"><img loading=\"lazy\" decoding=\"async\" width=\"1024\" height=\"683\" src=\"https:\/\/annsjofjallen.se\/wp-content\/uploads\/2026\/04\/vinterkurs-4-1024x683.jpg\" alt=\"\" class=\"wp-image-371\" srcset=\"https:\/\/annsjofjallen.se\/wp-content\/uploads\/2026\/04\/vinterkurs-4-1024x683.jpg 1024w, https:\/\/annsjofjallen.se\/wp-content\/uploads\/2026\/04\/vinterkurs-4-300x200.jpg 300w, https:\/\/annsjofjallen.se\/wp-content\/uploads\/2026\/04\/vinterkurs-4-768x512.jpg 768w, https:\/\/annsjofjallen.se\/wp-content\/uploads\/2026\/04\/vinterkurs-4-1536x1024.jpg 1536w, https:\/\/annsjofjallen.se\/wp-content\/uploads\/2026\/04\/vinterkurs-4-2048x1365.jpg 2048w\" sizes=\"auto, (max-width: 1024px) 100vw, 1024px\" \/><\/figure>\n<\/div>\n\n\n\n<div class=\"wp-block-column is-layout-flow wp-block-column-is-layout-flow\">\n<figure class=\"wp-block-image size-large\"><img loading=\"lazy\" decoding=\"async\" width=\"1024\" height=\"683\" src=\"https:\/\/annsjofjallen.se\/wp-content\/uploads\/2026\/03\/KEH5926-1024x683.jpg\" alt=\"\" class=\"wp-image-326\" srcset=\"https:\/\/annsjofjallen.se\/wp-content\/uploads\/2026\/03\/KEH5926-1024x683.jpg 1024w, https:\/\/annsjofjallen.se\/wp-content\/uploads\/2026\/03\/KEH5926-300x200.jpg 300w, https:\/\/annsjofjallen.se\/wp-content\/uploads\/2026\/03\/KEH5926-768x512.jpg 768w, https:\/\/annsjofjallen.se\/wp-content\/uploads\/2026\/03\/KEH5926-1536x1024.jpg 1536w, https:\/\/annsjofjallen.se\/wp-content\/uploads\/2026\/03\/KEH5926-2048x1365.jpg 2048w\" sizes=\"auto, (max-width: 1024px) 100vw, 1024px\" \/><\/figure>\n<\/div>\n\n\n\n<div class=\"wp-block-column is-layout-flow wp-block-column-is-layout-flow\">\n<figure class=\"wp-block-image size-large\"><img loading=\"lazy\" decoding=\"async\" width=\"1024\" height=\"662\" src=\"https:\/\/annsjofjallen.se\/wp-content\/uploads\/2026\/03\/Wild-mountains-1024x662.jpg\" alt=\"\" class=\"wp-image-314\" srcset=\"https:\/\/annsjofjallen.se\/wp-content\/uploads\/2026\/03\/Wild-mountains-1024x662.jpg 1024w, https:\/\/annsjofjallen.se\/wp-content\/uploads\/2026\/03\/Wild-mountains-300x194.jpg 300w, https:\/\/annsjofjallen.se\/wp-content\/uploads\/2026\/03\/Wild-mountains-768x497.jpg 768w, https:\/\/annsjofjallen.se\/wp-content\/uploads\/2026\/03\/Wild-mountains-1536x993.jpg 1536w, https:\/\/annsjofjallen.se\/wp-content\/uploads\/2026\/03\/Wild-mountains-2048x1325.jpg 2048w\" sizes=\"auto, (max-width: 1024px) 100vw, 1024px\" \/><\/figure>\n<\/div>\n<\/div>\n\n\n\n<p>Topptura<br>Vandra<\/p>\n","protected":false},"excerpt":{"rendered":"<p>\u00c5nn F\u00e5geltornen, Skidsp\u00e5r, L\u00e5ngf\u00e4rdsskridskor, Fiska\/pimpla, Skoterleder, Bastun Klocka Fiska\/pimpla, Paddla Enafors Vandra eller skida till Grand Hotel, Fiska i Enan, [&hellip;]<\/p>\n","protected":false},"author":1,"featured_media":0,"parent":0,"menu_order":0,"comment_status":"closed","ping_status":"closed","template":"","meta":{"site-sidebar-layout":"default","site-content-layout":"","ast-site-content-layout":"","site-content-style":"default","site-sidebar-style":"default","ast-global-header-display":"","ast-banner-title-visibility":"","ast-main-header-display":"","ast-hfb-above-header-display":"","ast-hfb-below-header-display":"","ast-hfb-mobile-header-display":"","site-post-title":"","ast-breadcrumbs-content":"","ast-featured-img":"","footer-sml-layout":"","theme-transparent-header-meta":"","adv-header-id-meta":"","stick-header-meta":"","header-above-stick-meta":"","header-main-stick-meta":"","header-below-stick-meta":"","astra-migrate-meta-layouts":"default","ast-page-background-enabled":"default","ast-page-background-meta":{"desktop":{"background-color":"var(--ast-global-color-5)","background-image":"","background-repeat":"repeat","background-position":"center center","background-size":"auto","background-attachment":"scroll","background-type":"","background-media":"","overlay-type":"","overlay-color":"","overlay-opacity":"","overlay-gradient":""},"tablet":{"background-color":"","background-image":"","background-repeat":"repeat","background-position":"center center","background-size":"auto","background-attachment":"scroll","background-type":"","background-media":"","overlay-type":"","overlay-color":"","overlay-opacity":"","overlay-gradient":""},"mobile":{"background-color":"","background-image":"","background-repeat":"repeat","background-position":"center center","background-size":"auto","background-attachment":"scroll","background-type":"","background-media":"","overlay-type":"","overlay-color":"","overlay-opacity":"","overlay-gradient":""}},"ast-content-background-meta":{"desktop":{"background-color":"var(--ast-global-color-4)","background-image":"","background-repeat":"repeat","background-position":"center center","background-size":"auto","background-attachment":"scroll","background-type":"","background-media":"","overlay-type":"","overlay-color":"","overlay-opacity":"","overlay-gradient":""},"tablet":{"background-color":"var(--ast-global-color-4)","background-image":"","background-repeat":"repeat","background-position":"center center","background-size":"auto","background-attachment":"scroll","background-type":"","background-media":"","overlay-type":"","overlay-color":"","overlay-opacity":"","overlay-gradient":""},"mobile":{"background-color":"var(--ast-global-color-4)","background-image":"","background-repeat":"repeat","background-position":"center center","background-size":"auto","background-attachment":"scroll","background-type":"","background-media":"","overlay-type":"","overlay-color":"","overlay-opacity":"","overlay-gradient":""}},"footnotes":""},"class_list":["post-305","page","type-page","status-publish","hentry"],"_links":{"self":[{"href":"https:\/\/annsjofjallen.se\/index.php?rest_route=\/wp\/v2\/pages\/305","targetHints":{"allow":["GET"]}}],"collection":[{"href":"https:\/\/annsjofjallen.se\/index.php?rest_route=\/wp\/v2\/pages"}],"about":[{"href":"https:\/\/annsjofjallen.se\/index.php?rest_route=\/wp\/v2\/types\/page"}],"author":[{"embeddable":true,"href":"https:\/\/annsjofjallen.se\/index.php?rest_route=\/wp\/v2\/users\/1"}],"replies":[{"embeddable":true,"href":"https:\/\/annsjofjallen.se\/index.php?rest_route=%2Fwp%2Fv2%2Fcomments&post=305"}],"version-history":[{"count":7,"href":"https:\/\/annsjofjallen.se\/index.php?rest_route=\/wp\/v2\/pages\/305\/revisions"}],"predecessor-version":[{"id":399,"href":"https:\/\/annsjofjallen.se\/index.php?rest_route=\/wp\/v2\/pages\/305\/revisions\/399"}],"wp:attachment":[{"href":"https:\/\/annsjofjallen.se\/index.php?rest_route=%2Fwp%2Fv2%2Fmedia&parent=305"}],"curies":[{"name":"wp","href":"https:\/\/api.w.org\/{rel}","templated":true}]}}